{"id":10772,"date":"2021-02-19T14:27:47","date_gmt":"2021-02-19T13:27:47","guid":{"rendered":"https:\/\/jsemproduction.fr\/informacion-legal"},"modified":"2026-01-20T16:08:06","modified_gmt":"2026-01-20T15:08:06","slug":"informacion-legal","status":"publish","type":"page","link":"https:\/\/jsemproduction.fr\/es\/informacion-legal\/","title":{"rendered":"Informaci\u00f3n legal"},"content":{"rendered":"\t\t<div data-elementor-type=\"wp-page\" data-elementor-id=\"10772\" class=\"elementor elementor-10772 elementor-1113\" data-elementor-post-type=\"page\">\n\t\t\t\t\t\t<section class=\"elementor-section elementor-top-section elementor-element elementor-element-82f8c33 elementor-section-boxed elementor-section-height-default elementor-section-height-default\" data-id=\"82f8c33\" data-element_type=\"section\" data-e-type=\"section\">\n\t\t\t\t\t\t<div class=\"elementor-container elementor-column-gap-default\">\n\t\t\t\t\t<div class=\"elementor-column elementor-col-100 elementor-top-column elementor-element elementor-element-9e62249\" data-id=\"9e62249\" data-element_type=\"column\" data-e-type=\"column\">\n\t\t\t<div class=\"elementor-widget-wrap elementor-element-populated\">\n\t\t\t\t\t\t<div class=\"elementor-element elementor-element-8114707 elementor-widget elementor-widget-text-editor\" data-id=\"8114707\" data-element_type=\"widget\" data-e-type=\"widget\" data-widget_type=\"text-editor.default\">\n\t\t\t\t<div class=\"elementor-widget-container\">\n\t\t\t\t\t\t\t\t\t<h1 class=\"font_2\"><span class=\"color_11\">Informaci\u00f3n legal<\/span><\/h1><h2 class=\"font_2\"> <\/h2><h2 class=\"font_2\"><span class=\"color_11\">Informaci\u00f3n legal<\/span><\/h2><h3 class=\"font_3\"><span class=\"color_11\">1. Presentaci\u00f3n del sitio.<\/span><\/h3><p class=\"font_8\"><span class=\"color_11\">De conformidad con el art\u00edculo 6 de la Ley francesa n\u00ba 2004-575, de 21 de junio de 2004, sobre la confianza en la econom\u00eda digital, se informa a los usuarios del sitio web <a href=\"http:\/\/jsemproduction.fr\/\" target=\"_blank\" rel=\"noopener\">www.jsemproduction.fr<\/a> de la identidad de las distintas partes implicadas en su creaci\u00f3n y seguimiento:<\/span><\/p><p class=\"font_8\"><span class=\"color_11\">Propietario: Jsemproduction SLU - C\/ Callaueta, 8 1e 3a - AD500 Andorra la Vella<br>L-719294-M<br>Creador: Jsemproduction SLU<br>Responsable de la publicaci\u00f3n: J\u00e9r\u00e9my SEMENADISSE <br>El responsable de la publicaci\u00f3n es una persona f\u00edsica o jur\u00eddica.<br>Webmaster: J\u00e9r\u00e9my SEMENADISSE - semejeremy@gmail.com<br>Cr\u00e9ditos: J\u00e9r\u00e9my SEMENADISSE<\/span><\/p><h5><span class=\"color_11\">Sitio creado en WordPress y alojado en Hostinger  <\/span><\/h5><p><span class=\"color_11\">El modelo de aviso legal lo proporciona Subdelirium.com <a href=\"https:\/\/www.subdelirium.com\/generateur-de-mentions-legales\/\" target=\"_blank\" rel=\"noopener\">Aviso legal<\/a><\/span><\/p><h3 class=\"font_3\"><span class=\"color_11\">2. Condiciones generales de uso del sitio y de los servicios ofrecidos.<\/span><\/h3><p class=\"font_8\"><span class=\"color_11\">La utilizaci\u00f3n del sitio <a href=\"http:\/\/jsemproduction.fr\/\" target=\"_blank\" rel=\"noopener\">www.jsemproduction.fr<\/a> implica la aceptaci\u00f3n plena y completa de las condiciones generales de uso que se describen a continuaci\u00f3n. Estas condiciones de uso pueden ser modificadas o completadas en cualquier momento, por lo que se invita a los usuarios del sitio <a href=\"http:\/\/jsemproduction.fr\/\" target=\"_blank\" rel=\"noopener\">www.jsemproduction.fr<\/a> a consultarlas de forma regular.<\/span><\/p><p class=\"font_8\"><span class=\"color_11\">Este sitio es normalmente accesible a los usuarios en todo momento. Sin embargo, J\u00e9r\u00e9my SEMENADISSE puede decidir interrumpir el sitio por motivos de mantenimiento t\u00e9cnico. En tal caso, J\u00e9r\u00e9my SEMENADISSE se esforzar\u00e1 por informar a los usuarios de las fechas y horas de la intervenci\u00f3n con antelaci\u00f3n. <\/span><\/p><p class=\"font_8\"><span class=\"color_11\">El sitio <a href=\"http:\/\/jsemproduction.fr\/\" target=\"_blank\" rel=\"noopener\">www.jsemproduction.fr<\/a> es actualizado regularmente por J\u00e9r\u00e9my SEMENADISSE. Del mismo modo, las menciones legales pueden ser modificadas en cualquier momento: no obstante, se imponen al usuario, al que se invita a consultarlas lo m\u00e1s a menudo posible para \u043e\u0437\u043d\u0430\u043a\u043e\u043c\u0438\u0442\u044c\u0441\u044f con ellas.<\/span><\/p><h3 class=\"font_3\"><span class=\"color_11\">3. Descripci\u00f3n de los servicios prestados.<\/span><\/h3><p class=\"font_8\"><span class=\"color_11\">El objetivo del sitio web <a href=\"http:\/\/jsemproduction.fr\/\" target=\"_blank\" rel=\"noopener\">www.jsemproduction.fr<\/a> es proporcionar informaci\u00f3n sobre todas las actividades de la empresa.<\/span><\/p><p class=\"font_8\"><span class=\"color_11\">J\u00e9r\u00e9my SEMENADISSE se esfuerza por proporcionar en el sitio <a href=\"http:\/\/jsemproduction.fr\/\" target=\"_blank\" rel=\"noopener\">www.jsemproduction.fr<\/a> informaci\u00f3n lo m\u00e1s precisa posible. Sin embargo, no se le podr\u00e1 responsabilizar de las omisiones, inexactitudes y deficiencias en la actualizaci\u00f3n, ya sean por su culpa o por la de terceros asociados que le faciliten dicha informaci\u00f3n.<\/span><\/p><p class=\"font_8\"><span class=\"color_11\">Toda la informaci\u00f3n indicada en el sitio <a href=\"http:\/\/jsemproduction.fr\/\" target=\"_blank\" rel=\"noopener\">www.jsemproduction.fr<\/a> se proporciona a t\u00edtulo indicativo y est\u00e1 sujeta a cambios. Adem\u00e1s, la informaci\u00f3n que figura en el sitio <a href=\"http:\/\/jsemproduction.fr\/\" target=\"_blank\" rel=\"noopener\">www.jsemproduction.fr<\/a> no es exhaustiva. Se proporciona sujeta a las modificaciones que se hayan realizado desde su puesta en l\u00ednea.<\/span><\/p><h3 class=\"font_3\"><span class=\"color_11\">4. Limitaciones contractuales de los datos t\u00e9cnicos.<\/span><\/h3><p class=\"font_8\"><span class=\"color_11\">El sitio utiliza tecnolog\u00eda JavaScript.<\/span><\/p><p class=\"font_8\"><span class=\"color_11\">El sitio web no se hace responsable de ning\u00fan da\u00f1o material derivado del uso del sitio. Adem\u00e1s, los usuarios del sitio se comprometen a acceder a \u00e9l utilizando equipos recientes, libres de virus y con un navegador actualizado de \u00faltima generaci\u00f3n. <\/span><\/p><h3 class=\"font_3\"><span class=\"color_11\">5. Propiedad intelectual y falsificaci\u00f3n.<\/span><\/h3><p class=\"font_8\"><span class=\"color_11\">Cualquier reproducci\u00f3n, representaci\u00f3n, modificaci\u00f3n, publicaci\u00f3n, adaptaci\u00f3n de la totalidad o parte de los elementos del sitio, cualesquiera que sean los medios o procedimientos utilizados, est\u00e1 prohibida, salvo autorizaci\u00f3n previa por escrito de : J\u00e9r\u00e9my SEMENADISSE.<\/span><\/p><p class=\"font_8\"><span class=\"color_11\">Cualquier uso no autorizado del sitio o de cualquiera de los elementos que contiene se considerar\u00e1 constitutivo de infracci\u00f3n y ser\u00e1 perseguido de conformidad con las disposiciones de los art\u00edculos L.335-2 y siguientes del C\u00f3digo franc\u00e9s de la Propiedad Intelectual.<\/span><\/p><h3 class=\"font_3\"><span class=\"color_11\">6. Limitaci\u00f3n de responsabilidad.<\/span><\/h3><p class=\"font_8\"><span class=\"color_11\">J\u00e9r\u00e9my SEMENADISSE no podr\u00e1 ser considerado responsable de los da\u00f1os directos o indirectos causados al equipo del usuario al acceder al sitio. <object width=\"300\" height=\"0\" data-mce-fragment=\"1\"><a data-auto-recognition=\"true\" href=\"http:\/\/jsemproduction.fr\/\" target=\"_blank\">www.jsemproduction.fr<\/a><\/object>y que resulten bien de la utilizaci\u00f3n de un equipo que no responda a las especificaciones indicadas en el punto 4, bien de la aparici\u00f3n de un error o de una incompatibilidad.<\/span><\/p><p class=\"font_8\"><span class=\"color_11\">J\u00e9r\u00e9my SEMENADISSE no podr\u00e1 ser considerado responsable de ning\u00fan da\u00f1o indirecto (como p\u00e9rdida de negocio o p\u00e9rdida de oportunidades) resultante del uso del sitio web <a href=\"http:\/\/jsemproduction.fr\/\" target=\"_blank\" rel=\"noopener\">www.jsemproduction.fr.<\/a><\/span><\/p><p class=\"font_8\"><span class=\"color_11\">Los usuarios tienen a su disposici\u00f3n \u00e1reas interactivas (posibilidad de hacer preguntas en el \u00e1rea de contacto). J\u00e9r\u00e9my SEMENADISSE se reserva el derecho a eliminar, sin previo aviso, cualquier contenido publicado en este espacio que contravenga la legislaci\u00f3n aplicable en Francia, en particular las disposiciones relativas a la protecci\u00f3n de datos. En su caso, J\u00e9r\u00e9my SEMENADISSE tambi\u00e9n se reserva el derecho de exigir responsabilidades civiles y\/o penales al usuario, especialmente en caso de mensajes de car\u00e1cter racista, insultante, difamatorio o pornogr\u00e1fico, sea cual sea el medio utilizado (texto, fotograf\u00edas, etc.).  <\/span><\/p><h3 class=\"font_3\"><span class=\"color_11\">7. Gesti\u00f3n de datos personales.<\/span><\/h3><p class=\"font_8\"><span class=\"color_11\">En Francia, los datos personales est\u00e1n protegidos por la ley n\u00ba 78-87 de 6 de enero de 1978, la ley n\u00ba 2004-801 de 6 de agosto de 2004, el art\u00edculo L. 226-13 del C\u00f3digo Penal y la Directiva Europea de 24 de octubre de 1995.<\/span><\/p><p class=\"font_8\"><span class=\"color_11\">Al utilizar el sitio web <a href=\"http:\/\/jsemproduction.fr\/\" target=\"_blank\" rel=\"noopener\">www.jsemproduction.fr<\/a>, se puede recopilar la siguiente informaci\u00f3n: la URL de los enlaces a trav\u00e9s de los cuales el usuario ha accedido al sitio web <a href=\"http:\/\/jsemproduction.fr\/\" target=\"_blank\" rel=\"noopener\">www.jsemproduction.fr,<\/a> el proveedor de acceso del usuario, la direcci\u00f3n del Protocolo de Internet (IP) del usuario.<\/span><\/p><p class=\"font_8\"><span class=\"color_11\">En cualquier caso, J\u00e9r\u00e9my SEMENADISSE solo recopila informaci\u00f3n personal relativa al usuario para la necesidad de ciertos servicios ofrecidos por el sitio <a href=\"http:\/\/jsemproduction.fr\/\" target=\"_blank\" rel=\"noopener\">www.jsemproduction.fr<\/a>. El usuario proporciona esta informaci\u00f3n con pleno conocimiento de causa, en particular cuando \u00e9l mismo la introduce. Entonces se especifica al usuario del sitio <a href=\"http:\/\/jsemproduction.fr\/\" target=\"_blank\" rel=\"noopener\">www.jsemproduction.fr<\/a> la obligaci\u00f3n o no de proporcionar esta informaci\u00f3n.<\/span><\/p><p class=\"font_8\"><span class=\"color_11\">De conformidad con las disposiciones de los art\u00edculos 38 y siguientes de la Ley 78-17 de 6 de enero de 1978 relativa a la inform\u00e1tica, a los ficheros y a las libertades, todo usuario dispone de un derecho de acceso, de rectificaci\u00f3n y de oposici\u00f3n a los datos de car\u00e1cter personal que le conciernan, enviando una solicitud escrita y firmada, acompa\u00f1ada de una copia del documento de identidad con la firma del portador del documento, precisando la direcci\u00f3n a la que debe enviarse la respuesta.<\/span><\/p><p class=\"font_8\"><span class=\"color_11\">Ninguna informaci\u00f3n personal del usuario del sitio <a href=\"http:\/\/jsemproduction.fr\/\" target=\"_blank\" rel=\"noopener\">www.jsemproduction.fr<\/a> se publica sin el conocimiento del usuario, se intercambia, se transfiere, se cede o se vende en ning\u00fan soporte a terceros. Solo la hip\u00f3tesis de la compra de J\u00e9r\u00e9my SEMENADISSE y de sus derechos permitir\u00eda la transmisi\u00f3n de dicha informaci\u00f3n al eventual comprador, que a su vez estar\u00eda sujeto a la misma obligaci\u00f3n de conservaci\u00f3n y de modificaci\u00f3n de los datos con respecto al usuario del sitio <a href=\"http:\/\/jsemproduction.fr\/\" target=\"_blank\" rel=\"noopener\">www.jsemproduction.fr<\/a>.<\/span><\/p><p class=\"font_8\"><span class=\"color_11\">El sitio no est\u00e1 registrado en la CNIL, ya que no recoge informaci\u00f3n personal.<\/span><\/p><p class=\"font_8\"><span class=\"color_11\">Las bases de datos est\u00e1n protegidas por las disposiciones de la Ley de 1 de julio de 1998 que transpone la Directiva 96\/9 de 11 de marzo de 1996 sobre la protecci\u00f3n jur\u00eddica de las bases de datos.<\/span><\/p><h3 class=\"font_3\"><span class=\"color_11\">8. Enlaces de hipertexto y cookies.<\/span><\/h3><p class=\"font_8\"><span class=\"color_11\">El sitio <a href=\"http:\/\/jsemproduction.fr\/\" target=\"_blank\" rel=\"noopener\">www.jsemproduction.fr<\/a> contiene un cierto n\u00famero de enlaces de hipertexto hacia otros sitios, establecidos con la autorizaci\u00f3n de J\u00e9r\u00e9my SEMENADISSE. Sin embargo, J\u00e9r\u00e9my SEMENADISSE no tiene la posibilidad de verificar el contenido de los sitios as\u00ed visitados, y por lo tanto no asumir\u00e1 ninguna responsabilidad por este hecho.<\/span><\/p><p class=\"font_8\"><span class=\"color_11\">La navegaci\u00f3n en el sitio <a href=\"http:\/\/jsemproduction.fr\/\" target=\"_blank\" rel=\"noopener\">www.jsemproduction.fr<\/a> puede provocar la instalaci\u00f3n de cookies en el ordenador del usuario. Una cookie es un archivo de peque\u00f1o tama\u00f1o, que no permite la identificaci\u00f3n del usuario, pero que registra informaci\u00f3n relativa a la navegaci\u00f3n de un ordenador en un sitio. Los datos as\u00ed obtenidos tienen como objetivo facilitar la navegaci\u00f3n posterior en el sitio, y tambi\u00e9n tienen como objetivo permitir diversas medidas de frecuentaci\u00f3n.<\/span><\/p><p class=\"font_8\"><span class=\"color_11\">Rechazar la instalaci\u00f3n de una cookie puede imposibilitar el acceso a determinados servicios. Sin embargo, los usuarios pueden configurar su ordenador de la siguiente manera para rechazar la instalaci\u00f3n de cookies: <\/span><\/p><p class=\"font_8\"><span class=\"color_11\">En Internet Explorer: pesta\u00f1a Herramientas (icono en forma de rueda arriba a la derecha) \/ Opciones de Internet. Haz clic en Confidencialidad y elige Bloquear todas las cookies. Confirma con Ok.  <\/span><\/p><p class=\"font_8\"><span class=\"color_11\">Firefox: en la parte superior de la ventana del navegador, haz clic en el bot\u00f3n Firefox y, a continuaci\u00f3n, ve a la pesta\u00f1a Opciones. Haz clic en la pesta\u00f1a Privacidad. Establece las Reglas de retenci\u00f3n en: utilizar una configuraci\u00f3n personalizada para el historial. Por \u00faltimo, desmarca para desactivar las cookies.   <\/span><\/p><p class=\"font_8\"><span class=\"color_11\">En Safari: haz clic en el icono de men\u00fa (simbolizado por una rueda dentada) situado en la parte superior derecha del navegador. Selecciona Ajustes. Haz clic en Mostrar ajustes avanzados. En la secci\u00f3n \u00abConfidencialidad\u00bb, haz clic en Configuraci\u00f3n de contenido. En la secci\u00f3n \u00abCookies\u00bb, puedes bloquear las cookies.    <\/span><\/p><p class=\"font_8\"><span class=\"color_11\">En Chrome: haz clic en el icono de men\u00fa (simbolizado por tres l\u00edneas horizontales) situado en la parte superior derecha del navegador. Selecciona Configuraci\u00f3n. Haz clic en Mostrar configuraci\u00f3n avanzada. En la secci\u00f3n \u00abConfidencialidad\u00bb, haz clic en Preferencias. En la pesta\u00f1a \u00abConfidencialidad\u00bb, puedes bloquear las cookies.    <\/span><\/p><h3 class=\"font_3\"><span class=\"color_11\">9. Ley aplicable y jurisdicci\u00f3n.<\/span><\/h3><p class=\"font_8\"><span class=\"color_11\">Todo litigio en relaci\u00f3n con la utilizaci\u00f3n del sitio <a href=\"http:\/\/jsemproduction.fr\/\" target=\"_blank\" rel=\"noopener\">www.jsemproduction.fr<\/a> est\u00e1 sometido al derecho franc\u00e9s. Se hace atribuci\u00f3n exclusiva de jurisdicci\u00f3n a los tribunales competentes de Par\u00eds.<\/span><\/p><h3 class=\"font_3\"><span class=\"color_11\">10. Las principales leyes afectadas.<\/span><\/h3><p class=\"font_8\"><span class=\"color_11\">Ley n\u00ba 78-17 de 6 de enero de 1978, modificada por la Ley n\u00ba 2004-801 de 6 de agosto de 2004 relativa a la inform\u00e1tica, los ficheros y las libertades.<\/span><\/p><p class=\"font_8\"><span class=\"color_11\">Ley n\u00ba 2004-575 de 21 de junio de 2004 sobre la confianza en la econom\u00eda digital.<\/span><\/p><h3 class=\"font_3\"><span class=\"color_11\">11. Glosario.<\/span><\/h3><p class=\"font_8\"><span class=\"color_11\">Usuario: Usuario de Internet que se conecta y utiliza el sitio mencionado.<\/span><\/p><p class=\"font_8\"><span class=\"color_11\">Informaci\u00f3n personal: \u00abinformaci\u00f3n que permite, en cualquier forma, directa o indirectamente, la identificaci\u00f3n de las personas f\u00edsicas a las que se aplica\u00bb (art\u00edculo 4 de la ley n\u00ba 78-17 de 6 de enero de 1978).<\/span><\/p>\t\t\t\t\t\t\t\t<\/div>\n\t\t\t\t<\/div>\n\t\t\t\t\t<\/div>\n\t\t<\/div>\n\t\t\t\t\t<\/div>\n\t\t<\/section>\n\t\t\t\t<\/div>\n\t\t","protected":false},"excerpt":{"rendered":"<p>Informaci\u00f3n legal Informaci\u00f3n legal 1. Presentaci\u00f3n del sitio. De conformidad con el art\u00edculo 6 de la Ley francesa n\u00ba 2004-575, de 21 de junio de 2004, sobre la confianza en la econom\u00eda digital, se informa a los usuarios del sitio web www.jsemproduction.fr de la identidad de las distintas partes implicadas en su creaci\u00f3n y seguimiento: [&hellip;]<\/p>\n","protected":false},"author":1,"featured_media":0,"parent":0,"menu_order":0,"comment_status":"closed","ping_status":"closed","template":"elementor_header_footer","meta":{"footnotes":""},"class_list":["post-10772","page","type-page","status-publish","hentry"],"jetpack_sharing_enabled":true,"_links":{"self":[{"href":"https:\/\/jsemproduction.fr\/es\/wp-json\/wp\/v2\/pages\/10772","targetHints":{"allow":["GET"]}}],"collection":[{"href":"https:\/\/jsemproduction.fr\/es\/wp-json\/wp\/v2\/pages"}],"about":[{"href":"https:\/\/jsemproduction.fr\/es\/wp-json\/wp\/v2\/types\/page"}],"author":[{"embeddable":true,"href":"https:\/\/jsemproduction.fr\/es\/wp-json\/wp\/v2\/users\/1"}],"replies":[{"embeddable":true,"href":"https:\/\/jsemproduction.fr\/es\/wp-json\/wp\/v2\/comments?post=10772"}],"version-history":[{"count":0,"href":"https:\/\/jsemproduction.fr\/es\/wp-json\/wp\/v2\/pages\/10772\/revisions"}],"wp:attachment":[{"href":"https:\/\/jsemproduction.fr\/es\/wp-json\/wp\/v2\/media?parent=10772"}],"curies":[{"name":"wp","href":"https:\/\/api.w.org\/{rel}","templated":true}]}}