{"id":9461,"date":"2021-02-19T14:27:47","date_gmt":"2021-02-19T13:27:47","guid":{"rendered":"https:\/\/jsemproduction.fr\/legal-notice"},"modified":"2026-01-20T16:07:40","modified_gmt":"2026-01-20T15:07:40","slug":"legal-notice","status":"publish","type":"page","link":"https:\/\/jsemproduction.fr\/en\/legal-notice\/","title":{"rendered":"Legal Notice"},"content":{"rendered":"\t\t<div data-elementor-type=\"wp-page\" data-elementor-id=\"9461\" class=\"elementor elementor-9461 elementor-1113\" data-elementor-post-type=\"page\">\n\t\t\t\t\t\t<section class=\"elementor-section elementor-top-section elementor-element elementor-element-82f8c33 elementor-section-boxed elementor-section-height-default elementor-section-height-default\" data-id=\"82f8c33\" data-element_type=\"section\" data-e-type=\"section\">\n\t\t\t\t\t\t<div class=\"elementor-container elementor-column-gap-default\">\n\t\t\t\t\t<div class=\"elementor-column elementor-col-100 elementor-top-column elementor-element elementor-element-9e62249\" data-id=\"9e62249\" data-element_type=\"column\" data-e-type=\"column\">\n\t\t\t<div class=\"elementor-widget-wrap elementor-element-populated\">\n\t\t\t\t\t\t<div class=\"elementor-element elementor-element-8114707 elementor-widget elementor-widget-text-editor\" data-id=\"8114707\" data-element_type=\"widget\" data-e-type=\"widget\" data-widget_type=\"text-editor.default\">\n\t\t\t\t<div class=\"elementor-widget-container\">\n\t\t\t\t\t\t\t\t\t<h1 class=\"font_2\"><span class=\"color_11\">Terms of use<\/span><\/h1><h2 class=\"font_2\"> <\/h2><h2 class=\"font_2\"><span class=\"color_11\">Legal information<\/span><\/h2><h3 class=\"font_3\"><span class=\"color_11\">1. Site presentation.<\/span><\/h3><p class=\"font_8\"><span class=\"color_11\">In accordance with article 6 of French law no. 2004-575 of June 21, 2004 on confidence in the digital economy, users of the <a href=\"http:\/\/jsemproduction.fr\/\" target=\"_blank\" rel=\"noopener\">www.jsemproduction.fr<\/a> website are informed of the identity of the various parties involved in its creation and follow-up:<\/span><\/p><p class=\"font_8\"><span class=\"color_11\">Owner: Jsemproduction SLU &#8211; C\/ Callaueta, 8 1e 3a &#8211; AD500 Andorra la Vella<br>L-719294-M<br>Creator: Jsemproduction SLU<br>Publication manager: J\u00e9r\u00e9my SEMENADISSE <br>The publication manager is an individual or a legal entity.<br>Webmaster: J\u00e9r\u00e9my SEMENADISSE &#8211; semejeremy@gmail.com<br>Credits: J\u00e9r\u00e9my SEMENADISSE<\/span><\/p><h5><span class=\"color_11\">Site created on WordPress and hosted by Hostinger  <\/span><\/h5><p><span class=\"color_11\">The legal notice template is provided by Subdelirium.com <a href=\"https:\/\/www.subdelirium.com\/generateur-de-mentions-legales\/\" target=\"_blank\" rel=\"noopener\">Legal notice<\/a><\/span><\/p><h3 class=\"font_3\"><span class=\"color_11\">2. General conditions of use of the site and the services offered.<\/span><\/h3><p class=\"font_8\"><span class=\"color_11\">Use of the <a href=\"http:\/\/jsemproduction.fr\/\" target=\"_blank\" rel=\"noopener\">www.jsemproduction.fr<\/a> website implies full acceptance of the general conditions of use described below. These conditions of use may be amended or supplemented at any time, so users of the <a href=\"http:\/\/jsemproduction.fr\/\" target=\"_blank\" rel=\"noopener\">www.jsemproduction.fr<\/a> website are advised to consult them regularly.<\/span><\/p><p class=\"font_8\"><span class=\"color_11\">This site is normally accessible to users at all times. J\u00e9r\u00e9my SEMENADISSE may, however, decide to interrupt the site for technical maintenance, and will endeavor to inform users of the dates and times of the intervention in advance. <\/span><\/p><p class=\"font_8\"><span class=\"color_11\">The <a href=\"http:\/\/jsemproduction.fr\/\" target=\"_blank\" rel=\"noopener\">www.jsemproduction.fr<\/a> website is regularly updated by J\u00e9r\u00e9my SEMENADISSE. In the same way, the legal notices may be modified at any time: they are nevertheless binding on the user, who is invited to refer to them as often as possible in order to take cognizance of them.<\/span><\/p><h3 class=\"font_3\"><span class=\"color_11\">3. Description of services provided.<\/span><\/h3><p class=\"font_8\"><span class=\"color_11\">The purpose of the <a href=\"http:\/\/jsemproduction.fr\/\" target=\"_blank\" rel=\"noopener\">www.jsemproduction.fr<\/a> website is to provide information about all the company&#8217;s activities.<\/span><\/p><p class=\"font_8\"><span class=\"color_11\">J\u00e9r\u00e9my SEMENADISSE strives to provide information on the site <a href=\"http:\/\/jsemproduction.fr\/\" target=\"_blank\" rel=\"noopener\">www.jsemproduction.fr<\/a> as accurate as possible. However, it cannot be held responsible for any omissions, inaccuracies or failure to update information, whether due to its own fault or that of third-party partners who supply it.<\/span><\/p><p class=\"font_8\"><span class=\"color_11\">All information on the <a href=\"http:\/\/jsemproduction.fr\/\" target=\"_blank\" rel=\"noopener\">www.jsemproduction.fr<\/a> website is provided for information purposes only, and is subject to change. Furthermore, the information provided on the <a href=\"http:\/\/jsemproduction.fr\/\" target=\"_blank\" rel=\"noopener\">www.jsemproduction.fr<\/a> website is not exhaustive. They are subject to any changes that may have been made since they were put online.<\/span><\/p><h3 class=\"font_3\"><span class=\"color_11\">4. Contractual limitations on technical data.<\/span><\/h3><p class=\"font_8\"><span class=\"color_11\">The site uses JavaScript technology.<\/span><\/p><p class=\"font_8\"><span class=\"color_11\">The website cannot be held responsible for any material damage resulting from use of the site. In addition, the user of the site undertakes to access the site using recent, virus-free equipment with the latest updated browser. <\/span><\/p><h3 class=\"font_3\"><span class=\"color_11\">5. Intellectual property and counterfeiting.<\/span><\/h3><p class=\"font_8\"><span class=\"color_11\">Any reproduction, representation, modification, publication, adaptation of all or part of the elements of the site, whatever the means or the process used, is prohibited, except prior written authorization of : J\u00e9r\u00e9my SEMENADISSE.<\/span><\/p><p class=\"font_8\"><span class=\"color_11\">Any unauthorized use of the site or of any of the elements it contains will be considered as counterfeiting and will be prosecuted in accordance with the provisions of articles L.335-2 et seq. of the French Intellectual Property Code.<\/span><\/p><h3 class=\"font_3\"><span class=\"color_11\">6. Limitation of liability.<\/span><\/h3><p class=\"font_8\"><span class=\"color_11\">J\u00e9r\u00e9my SEMENADISSE cannot be held responsible for direct or indirect damage caused to the user&#8217;s equipment when accessing the site. <object width=\"300\" height=\"0\" data-mce-fragment=\"1\">\n  <a data-auto-recognition=\"true\" href=\"http:\/\/jsemproduction.fr\/\" target=\"_blank\">www.jsemproduction.fr<\/a>\n<\/object>and resulting either from the use of equipment that does not meet the specifications indicated in point 4, or from the appearance of a bug or incompatibility.<\/span><\/p><p class=\"font_8\"><span class=\"color_11\">J\u00e9r\u00e9my SEMENADISSE cannot be held responsible for indirect damages (such as loss of business or loss of opportunity) resulting from the use of the <a href=\"http:\/\/jsemproduction.fr\/\" target=\"_blank\" rel=\"noopener\">www.jsemproduction.fr website .<\/a><\/span><\/p><p class=\"font_8\"><span class=\"color_11\">Interactive areas (possibility to ask questions in the contact area) are available to users. J\u00e9r\u00e9my SEMENADISSE reserves the right to delete, without prior notice, any content posted in this space that contravenes the legislation applicable in France, in particular provisions relating to data protection. Where applicable, J\u00e9r\u00e9my SEMENADISSE also reserves the right to hold the user civilly and\/or criminally liable, particularly in the event of messages of a racist, insulting, defamatory or pornographic nature, whatever the medium used (text, photographs, etc.).  <\/span><\/p><h3 class=\"font_3\"><span class=\"color_11\">7. Personal data management.<\/span><\/h3><p class=\"font_8\"><span class=\"color_11\">In France, personal data is protected by law no. 78-87 of January 6, 1978, law no. 2004-801 of August 6, 2004, article L. 226-13 of the Criminal Code and the European Directive of October 24, 1995.<\/span><\/p><p class=\"font_8\"><span class=\"color_11\">When using the <a href=\"http:\/\/jsemproduction.fr\/\" target=\"_blank\" rel=\"noopener\">www.jsemproduction.fr<\/a> website, the following information may be collected: the URL of the links through which the user has accessed the <a href=\"http:\/\/jsemproduction.fr\/\" target=\"_blank\" rel=\"noopener\">www.jsemproduction.fr website ,<\/a> the user&#8217;s access provider, the user&#8217;s Internet protocol (IP) address.<\/span><\/p><p class=\"font_8\"><span class=\"color_11\">In any event, J\u00e9r\u00e9my SEMENADISSE only collects personal information relating to the user for the purpose of certain services offered by the <a href=\"http:\/\/jsemproduction.fr\/\" target=\"_blank\" rel=\"noopener\">www.jsemproduction.fr<\/a> website. The user provides this information with full knowledge of the facts, in particular when he\/she enters the information him\/herself. Users of the <a href=\"http:\/\/jsemproduction.fr\/\" target=\"_blank\" rel=\"noopener\">www.jsemproduction.fr<\/a> website are informed whether or not they are required to provide this information.<\/span><\/p><p class=\"font_8\"><span class=\"color_11\">In accordance with the provisions of Articles 38 et seq. of the French Data Protection Act 78-17 of January 6, 1978, all users have the right to access, rectify and object to any personal data concerning them, by sending a written and signed request, accompanied by a copy of the identity document bearing the signature of the holder of the document, and specifying the address to which the reply is to be sent.<\/span><\/p><p class=\"font_8\"><span class=\"color_11\">No personal information about the user of the <a href=\"http:\/\/jsemproduction.fr\/\" target=\"_blank\" rel=\"noopener\">www.jsemproduction.fr<\/a> site is published without the user&#8217;s knowledge, exchanged, transferred, ceded or sold on any medium whatsoever to third parties. Only in the event of the purchase of J\u00e9r\u00e9my SEMENADISSE and its rights would the said information be transmitted to the eventual purchaser, who would in turn be bound by the same obligation to preserve and modify the data with respect to the user of the <a href=\"http:\/\/jsemproduction.fr\/\" target=\"_blank\" rel=\"noopener\">www.jsemproduction.fr<\/a> site.<\/span><\/p><p class=\"font_8\"><span class=\"color_11\">The site is not registered with the CNIL as it does not collect personal information.<\/span><\/p><p class=\"font_8\"><span class=\"color_11\">Databases are protected by the provisions of the law of July 1, 1998, transposing directive 96\/9 of March 11, 1996, on the legal protection of databases.<\/span><\/p><h3 class=\"font_3\"><span class=\"color_11\">8. Hyperlinks and cookies.<\/span><\/h3><p class=\"font_8\"><span class=\"color_11\">The <a href=\"http:\/\/jsemproduction.fr\/\" target=\"_blank\" rel=\"noopener\">www.jsemproduction.fr<\/a> site contains a number of hypertext links to other sites, set up with the authorization of J\u00e9r\u00e9my SEMENADISSE. However, J\u00e9r\u00e9my SEMENADISSE is not able to check the content of sites visited in this way, and consequently assumes no responsibility in this respect.<\/span><\/p><p class=\"font_8\"><span class=\"color_11\">Browsing the <a href=\"http:\/\/jsemproduction.fr\/\" target=\"_blank\" rel=\"noopener\">www.jsemproduction.fr<\/a> website may result in the installation of cookie(s) on the user&#8217;s computer. A cookie is a small file which does not allow the user to be identified, but which records information relating to the navigation of a computer on a site. The data obtained in this way is intended to facilitate subsequent browsing of the site, and is also used to measure visitor numbers.<\/span><\/p><p class=\"font_8\"><span class=\"color_11\">Refusal to install a cookie may prevent you from accessing certain services. The user may, however, configure his or her computer as follows to refuse the installation of cookies: <\/span><\/p><p class=\"font_8\"><span class=\"color_11\">Internet Explorer: Tools tab (cog-shaped icon at top right) \/ Internet options. Click on Privacy and choose Block all cookies. Confirm with Ok.  <\/span><\/p><p class=\"font_8\"><span class=\"color_11\">Firefox: at the top of the browser window, click on the Firefox button, then go to the Options tab. Click on the Privacy tab. Set Retention rules to: use custom settings for history. Finally, uncheck it to disable cookies.   <\/span><\/p><p class=\"font_8\"><span class=\"color_11\">Safari: Click on the menu icon (symbolized by a cog) in the top right-hand corner of the browser. Select Settings. Click on Show advanced settings. In the &#8220;Privacy&#8221; section, click on Content settings. In the &#8220;Cookies&#8221; section, you can block cookies.    <\/span><\/p><p class=\"font_8\"><span class=\"color_11\">Under Chrome: Click on the menu icon (symbolized by three horizontal lines) in the top right-hand corner of the browser. Select Settings. Click on Show advanced settings. In the &#8220;Privacy&#8221; section, click on preferences. In the &#8220;Privacy&#8221; tab, you can block cookies.    <\/span><\/p><h3 class=\"font_3\"><span class=\"color_11\">9. Applicable law and jurisdiction.<\/span><\/h3><p class=\"font_8\"><span class=\"color_11\">Any dispute relating to the use of the <a href=\"http:\/\/jsemproduction.fr\/\" target=\"_blank\" rel=\"noopener\">www.jsemproduction.fr<\/a> website is subject to French law. Exclusive jurisdiction is granted to the competent courts of Paris.<\/span><\/p><h3 class=\"font_3\"><span class=\"color_11\">10. The main laws involved.<\/span><\/h3><p class=\"font_8\"><span class=\"color_11\">Act no. 78-17 of January 6, 1978, as amended by Act no. 2004-801 of August 6, 2004 on data processing, data files and individual liberties.<\/span><\/p><p class=\"font_8\"><span class=\"color_11\">Law no. 2004-575 of June 21, 2004 on confidence in the digital economy.<\/span><\/p><h3 class=\"font_3\"><span class=\"color_11\">11. Lexicon.<\/span><\/h3><p class=\"font_8\"><span class=\"color_11\">User: Internet user connecting to and using the above-mentioned site.<\/span><\/p><p class=\"font_8\"><span class=\"color_11\">Personal information: &#8220;information which enables, in any form whatsoever, directly or indirectly, the identification of the natural persons to whom it applies&#8221; (article 4 of law no. 78-17 of January 6, 1978).<\/span><\/p>\t\t\t\t\t\t\t\t<\/div>\n\t\t\t\t<\/div>\n\t\t\t\t\t<\/div>\n\t\t<\/div>\n\t\t\t\t\t<\/div>\n\t\t<\/section>\n\t\t\t\t<\/div>\n\t\t","protected":false},"excerpt":{"rendered":"<p>Terms of use Legal information 1. Site presentation. In accordance with article 6 of French law no. 2004-575 of June 21, 2004 on confidence in the digital economy, users of the www.jsemproduction.fr website are informed of the identity of the various parties involved in its creation and follow-up: Owner: Jsemproduction SLU &#8211; C\/ Callaueta, 8 [&hellip;]<\/p>\n","protected":false},"author":1,"featured_media":0,"parent":0,"menu_order":0,"comment_status":"closed","ping_status":"closed","template":"elementor_header_footer","meta":{"footnotes":""},"class_list":["post-9461","page","type-page","status-publish","hentry"],"jetpack_sharing_enabled":true,"_links":{"self":[{"href":"https:\/\/jsemproduction.fr\/en\/wp-json\/wp\/v2\/pages\/9461","targetHints":{"allow":["GET"]}}],"collection":[{"href":"https:\/\/jsemproduction.fr\/en\/wp-json\/wp\/v2\/pages"}],"about":[{"href":"https:\/\/jsemproduction.fr\/en\/wp-json\/wp\/v2\/types\/page"}],"author":[{"embeddable":true,"href":"https:\/\/jsemproduction.fr\/en\/wp-json\/wp\/v2\/users\/1"}],"replies":[{"embeddable":true,"href":"https:\/\/jsemproduction.fr\/en\/wp-json\/wp\/v2\/comments?post=9461"}],"version-history":[{"count":0,"href":"https:\/\/jsemproduction.fr\/en\/wp-json\/wp\/v2\/pages\/9461\/revisions"}],"wp:attachment":[{"href":"https:\/\/jsemproduction.fr\/en\/wp-json\/wp\/v2\/media?parent=9461"}],"curies":[{"name":"wp","href":"https:\/\/api.w.org\/{rel}","templated":true}]}}