{"id":9466,"date":"2021-02-19T14:27:47","date_gmt":"2021-02-19T13:27:47","guid":{"rendered":"https:\/\/jsemproduction.fr\/avisos-legals"},"modified":"2026-01-20T16:07:16","modified_gmt":"2026-01-20T15:07:16","slug":"avisos-legals","status":"publish","type":"page","link":"https:\/\/jsemproduction.fr\/ca\/avisos-legals\/","title":{"rendered":"Avisos Legals"},"content":{"rendered":"\t\t<div data-elementor-type=\"wp-page\" data-elementor-id=\"9466\" class=\"elementor elementor-9466 elementor-1113\" data-elementor-post-type=\"page\">\n\t\t\t\t\t\t<section class=\"elementor-section elementor-top-section elementor-element elementor-element-82f8c33 elementor-section-boxed elementor-section-height-default elementor-section-height-default\" data-id=\"82f8c33\" data-element_type=\"section\" data-e-type=\"section\">\n\t\t\t\t\t\t<div class=\"elementor-container elementor-column-gap-default\">\n\t\t\t\t\t<div class=\"elementor-column elementor-col-100 elementor-top-column elementor-element elementor-element-9e62249\" data-id=\"9e62249\" data-element_type=\"column\" data-e-type=\"column\">\n\t\t\t<div class=\"elementor-widget-wrap elementor-element-populated\">\n\t\t\t\t\t\t<div class=\"elementor-element elementor-element-8114707 elementor-widget elementor-widget-text-editor\" data-id=\"8114707\" data-element_type=\"widget\" data-e-type=\"widget\" data-widget_type=\"text-editor.default\">\n\t\t\t\t<div class=\"elementor-widget-container\">\n\t\t\t\t\t\t\t\t\t<h1 class=\"font_2\"><span class=\"color_11\">Avisos legals<\/span><\/h1><h2 class=\"font_2\"> <\/h2><h2 class=\"font_2\"><span class=\"color_11\">Informaci\u00f3 legal<\/span><\/h2><h3 class=\"font_3\"><span class=\"color_11\">1. Presentaci\u00f3 del lloc.<\/span><\/h3><p class=\"font_8\"><span class=\"color_11\">D&#8217;acord amb l&#8217;article 6 de la Llei n\u00fam. 2004-575, de 21 de juny de 2004, de confian\u00e7a en l&#8217;economia digital, s&#8217;informa als usuaris del lloc <a href=\"http:\/\/jsemproduction.fr\/\" target=\"_blank\" rel=\"noopener\">www.jsemproduction.fr<\/a> de la identitat de les diferents parts implicades en la seva creaci\u00f3 i seguiment:<\/span><\/p><p class=\"font_8\"><span class=\"color_11\">Propietari: Jsemproduction SLU \u2013 C\/ Callaueta, 8 1e 3a \u2013 AD500 Andorra la Vella<br> L-719294-M<br> Creador: Jsemproduction SLU<br> Responsable de publicaci\u00f3: J\u00e9r\u00e9my SEMENADISSE<br> El responsable de la publicaci\u00f3 \u00e9s una persona f\u00edsica o jur\u00eddica.<br> Webmaster: J\u00e9r\u00e9my SEMENADISSE \u2013 semejeremy@gmail.com<br> Cr\u00e8dits: J\u00e9r\u00e9my SEMENADISSE<\/span><\/p><h5><span class=\"color_11\">Lloc creat a WordPress i allotjat per Hostinger  <\/span><\/h5><p><span class=\"color_11\">Subdelirium.com ofereix la plantilla d&#8217;av\u00eds legal. <a href=\"https:\/\/www.subdelirium.com\/generateur-de-mentions-legales\/\" target=\"_blank\" rel=\"noopener\">Av\u00eds legal<\/a><\/span><\/p><h3 class=\"font_3\"><span class=\"color_11\">2. Condicions generals d&#8217;\u00fas del lloc i dels serveis oferts.<\/span><\/h3><p class=\"font_8\"><span class=\"color_11\">L&#8217;\u00fas del lloc <a href=\"http:\/\/jsemproduction.fr\/\" target=\"_blank\" rel=\"noopener\">www.jsemproduction.fr<\/a> implica l&#8217;acceptaci\u00f3 plena i completa de les condicions generals d&#8217;\u00fas que es descriuen a continuaci\u00f3. Aquestes condicions d&#8217;\u00fas poden ser modificades o complementades en qualsevol moment, els usuaris del lloc <a href=\"http:\/\/jsemproduction.fr\/\" target=\"_blank\" rel=\"noopener\">www.jsemproduction.fr<\/a> estan convidats a consultar-les peri\u00f2dicament. <\/span><\/p><p class=\"font_8\"><span class=\"color_11\">Aquest lloc \u00e9s normalment accessible per als usuaris en tot moment. No obstant aix\u00f2, una interrupci\u00f3 per motius de manteniment t\u00e8cnic pot ser decidida per J\u00e9r\u00e9my SEMENADISSE, que despr\u00e9s s&#8217;esfor\u00e7ar\u00e0 per comunicar pr\u00e8viament als usuaris les dates i hores de la intervenci\u00f3. <\/span><\/p><p class=\"font_8\"><span class=\"color_11\">El lloc <a href=\"http:\/\/jsemproduction.fr\/\" target=\"_blank\" rel=\"noopener\">www.jsemproduction.fr<\/a> \u00e9s actualitzat regularment per J\u00e9r\u00e9my SEMENADISSE. De la mateixa manera, els avisos legals poden ser modificats en qualsevol moment: no obstant aix\u00f2, s\u00f3n vinculants per a l&#8217;usuari que est\u00e0 convidat a consultar-los amb la major freq\u00fc\u00e8ncia possible per tal de tenir-ne coneixement. <\/span><\/p><h3 class=\"font_3\"><span class=\"color_11\">3. Descripci\u00f3 dels serveis prestats.<\/span><\/h3><p class=\"font_8\"><span class=\"color_11\">La finalitat del lloc web <a href=\"http:\/\/jsemproduction.fr\/\" target=\"_blank\" rel=\"noopener\">www.jsemproduction.fr<\/a> \u00e9s proporcionar informaci\u00f3 sobre totes les activitats de l&#8217;empresa.<\/span><\/p><p class=\"font_8\"><span class=\"color_11\">J\u00e9r\u00e9my SEMENADISSE s&#8217;esfor\u00e7a per oferir informaci\u00f3 al lloc web <a href=\"http:\/\/jsemproduction.fr\/\" target=\"_blank\" rel=\"noopener\">www.jsemproduction.fr<\/a> que sigui el m\u00e9s precisa possible. No obstant aix\u00f2, no es fa responsable de les omissions, inexactituds i defici\u00e8ncies en l&#8217;actualitzaci\u00f3, ja sigui per accions pr\u00f2pies o de tercers socis que li faciliten aquesta informaci\u00f3. <\/span><\/p><p class=\"font_8\"><span class=\"color_11\">Tota la informaci\u00f3 proporcionada al lloc <a href=\"http:\/\/jsemproduction.fr\/\" target=\"_blank\" rel=\"noopener\">www.jsemproduction.fr<\/a> es d\u00f3na nom\u00e9s a efectes informatius i est\u00e0 subjecta a canvis. A m\u00e9s, la informaci\u00f3 del lloc <a href=\"http:\/\/jsemproduction.fr\/\" target=\"_blank\" rel=\"noopener\">www.jsemproduction.fr<\/a> no \u00e9s exhaustiva. Es donen subjectes a modificacions des que es van posar en l\u00ednia.  <\/span><\/p><h3 class=\"font_3\"><span class=\"color_11\">4. Limitacions contractuals de les dades t\u00e8cniques.<\/span><\/h3><p class=\"font_8\"><span class=\"color_11\">El lloc utilitza tecnologia JavaScript.<\/span><\/p><p class=\"font_8\"><span class=\"color_11\">El lloc web no es fa responsable dels danys materials vinculats a l&#8217;\u00fas del lloc. A m\u00e9s, l&#8217;usuari del lloc es compromet a accedir al lloc utilitzant equips recents, que no continguin virus i amb un navegador d&#8217;\u00faltima generaci\u00f3 actualitzat. <\/span><\/p><h3 class=\"font_3\"><span class=\"color_11\">5. Propietat intel\u00b7lectual i falsificaci\u00f3.<\/span><\/h3><p class=\"font_8\"><span class=\"color_11\">Qualsevol reproducci\u00f3, representaci\u00f3, modificaci\u00f3, publicaci\u00f3, adaptaci\u00f3 de la totalitat o part dels elements del lloc, sigui quin sigui el mitj\u00e0 o proc\u00e9s utilitzat, est\u00e0 prohibida sense la pr\u00e8via autoritzaci\u00f3 per escrit de: J\u00e9r\u00e9my SEMENADISSE.<\/span><\/p><p class=\"font_8\"><span class=\"color_11\">Qualsevol \u00fas no autoritzat del lloc o de qualsevol dels elements que cont\u00e9 es considerar\u00e0 constitutiu d&#8217;una infracci\u00f3 i ser\u00e0 perseguit d&#8217;acord amb el que estableixen els articles L.335-2 i seg\u00fcents del Codi de la propietat intel\u00b7lectual.<\/span><\/p><h3 class=\"font_3\"><span class=\"color_11\">6. Limitacions de responsabilitat.<\/span><\/h3><p class=\"font_8\"><span class=\"color_11\">J\u00e9r\u00e9my SEMENADISSE no es fa responsable dels danys directes o indirectes causats a l&#8217;equip de l&#8217;usuari en accedir al lloc <object width=\"300\" height=\"0\" data-mce-fragment=\"1\"><a data-auto-recognition=\"true\" href=\"http:\/\/jsemproduction.fr\/\" target=\"_blank\">www.jsemproduction.fr<\/a><\/object> , i derivats ja sigui de l&#8217;\u00fas d&#8217;equips que no compleixen les especificacions indicades en el punt 4, o de l&#8217;aparici\u00f3 d&#8217;un error o incompatibilitat.<\/span><\/p><p class=\"font_8\"><span class=\"color_11\">J\u00e9r\u00e9my SEMENADISSE tampoc pot ser considerat responsable dels danys indirectes (com, per exemple, p\u00e8rdua de mercat o p\u00e8rdua d&#8217;oportunitat) derivats de l&#8217;\u00fas del lloc <a href=\"http:\/\/jsemproduction.fr\/\" target=\"_blank\" rel=\"noopener\">www.jsemproduction.fr<\/a> .<\/span><\/p><p class=\"font_8\"><span class=\"color_11\">Espais interactius (possibilitat de fer preguntes a l&#8217;espai de contacte) estan a disposici\u00f3 dels usuaris. J\u00e9r\u00e9my SEMENADISSE es reserva el dret d&#8217;esborrar, sense av\u00eds previ, qualsevol contingut publicat en aquest espai que contravingui la legislaci\u00f3 aplicable a Fran\u00e7a, en particular les disposicions relatives a la protecci\u00f3 de dades. Si escau, J\u00e9r\u00e9my SEMENADISSE es reserva tamb\u00e9 la facultat d&#8217;iniciar accions civils i\/o penals contra l&#8217;usuari, especialment en cas de missatge de car\u00e0cter racista, ofensiu, difamatori o pornogr\u00e0fic, independentment del mitj\u00e0 utilitzat (text, fotografia, etc.).  <\/span><\/p><h3 class=\"font_3\"><span class=\"color_11\">7. Gesti\u00f3 de dades personals.<\/span><\/h3><p class=\"font_8\"><span class=\"color_11\">A Fran\u00e7a, les dades personals estan protegides en particular per la llei n\u00b0 78-87 de 6 de gener de 1978, la llei n\u00b0 2004-801 de 6 d&#8217;agost de 2004, l&#8217;article L. 226-13 del Codi Penal i la Directiva Europea de 24 d&#8217;octubre de 1995.<\/span><\/p><p class=\"font_8\"><span class=\"color_11\">En utilitzar el lloc <a href=\"http:\/\/jsemproduction.fr\/\" target=\"_blank\" rel=\"noopener\">www.jsemproduction.fr<\/a> , es poden recollir: l&#8217;URL dels enlla\u00e7os a trav\u00e9s dels quals l&#8217;usuari va accedir al lloc <a href=\"http:\/\/jsemproduction.fr\/\" target=\"_blank\" rel=\"noopener\">www.jsemproduction.fr<\/a> , el prove\u00efdor d&#8217;acc\u00e9s de l&#8217;usuari i l&#8217;adre\u00e7a de protocol d&#8217;Internet (IP) de l&#8217;usuari.<\/span><\/p><p class=\"font_8\"><span class=\"color_11\">En qualsevol cas, J\u00e9r\u00e9my SEMENADISSE nom\u00e9s recopila informaci\u00f3 personal relativa a l&#8217;usuari a efectes de determinats serveis oferts pel lloc <a href=\"http:\/\/jsemproduction.fr\/\" target=\"_blank\" rel=\"noopener\">www.jsemproduction.fr<\/a> . L&#8217;usuari facilita aquesta informaci\u00f3 amb ple coneixement dels fets, especialment quan l&#8217;introdueix ell mateix. Aleshores s&#8217;informa a l&#8217;usuari del lloc <a href=\"http:\/\/jsemproduction.fr\/\" target=\"_blank\" rel=\"noopener\">www.jsemproduction.fr<\/a> si est\u00e0 obligat o no a facilitar aquesta informaci\u00f3.  <\/span><\/p><p class=\"font_8\"><span class=\"color_11\">D&#8217;acord amb el que estableixen els articles 38 i seg\u00fcents de la Llei 78-17, de 6 de gener de 1978, d&#8217;inform\u00e0tica, fitxers i llibertats, qualsevol usuari t\u00e9 dret a accedir, rectificar i oposar-se a les dades personals que els concerneixen, mitjan\u00e7ant la sol\u00b7licitud escrita i signada, acompanyada d&#8217;una c\u00f2pia del document d&#8217;identitat amb la signatura del titular del document a la qual s&#8217;ha d&#8217;enviar la resposta.<\/span><\/p><p class=\"font_8\"><span class=\"color_11\">Cap informaci\u00f3 personal de l&#8217;usuari del lloc <a href=\"http:\/\/jsemproduction.fr\/\" target=\"_blank\" rel=\"noopener\">www.jsemproduction.fr<\/a> es publica sense el coneixement de l&#8217;usuari, intercanvia, transfereix, cedeix o ven en cap mitj\u00e0 a tercers. Nom\u00e9s la hip\u00f2tesi de la compra de J\u00e9r\u00e9my SEMENADISSE i els seus drets permetrien la transmissi\u00f3 d&#8217;aquesta informaci\u00f3 al potencial comprador que al seu torn estaria obligat a la mateixa obligaci\u00f3 de conservaci\u00f3 i modificaci\u00f3 de les dades respecte a l&#8217;usuari del lloc <a href=\"http:\/\/jsemproduction.fr\/\" target=\"_blank\" rel=\"noopener\">www.jsemproduction.fr<\/a> . <\/span><\/p><p class=\"font_8\"><span class=\"color_11\">El lloc no est\u00e0 declarat a la CNIL perqu\u00e8 no recull informaci\u00f3 personal. .<\/span><\/p><p class=\"font_8\"><span class=\"color_11\">Les bases de dades estan protegides per les disposicions de la llei d&#8217;1 de juliol de 1998 de transposici\u00f3 de la Directiva 96\/9, d&#8217;11 de mar\u00e7 de 1996, de protecci\u00f3 jur\u00eddica de bases de dades.<\/span><\/p><h3 class=\"font_3\"><span class=\"color_11\">8. Enlla\u00e7os d&#8217;hipertext i cookies.<\/span><\/h3><p class=\"font_8\"><span class=\"color_11\">El lloc <a href=\"http:\/\/jsemproduction.fr\/\" target=\"_blank\" rel=\"noopener\">www.jsemproduction.fr<\/a> cont\u00e9 un cert nombre d&#8217;enlla\u00e7os d&#8217;hipertext a altres llocs, creats amb l&#8217;autoritzaci\u00f3 de J\u00e9r\u00e9my SEMENADISSE. No obstant aix\u00f2, J\u00e9r\u00e9my SEMENADISSE no t\u00e9 la possibilitat de verificar el contingut dels llocs aix\u00ed visitats, i per tant no assumir\u00e0 cap responsabilitat per aquest fet. <\/span><\/p><p class=\"font_8\"><span class=\"color_11\">La navegaci\u00f3 pel lloc <a href=\"http:\/\/jsemproduction.fr\/\" target=\"_blank\" rel=\"noopener\">www.jsemproduction.fr<\/a> pot provocar la instal\u00b7laci\u00f3 de galetes a l&#8217;ordinador de l&#8217;usuari. Una cookie \u00e9s un petit fitxer que no permet identificar l&#8217;usuari, per\u00f2 que registra informaci\u00f3 relativa a la navegaci\u00f3 d&#8217;un ordinador en un lloc. Les dades aix\u00ed obtingudes tenen com a finalitat facilitar la posterior navegaci\u00f3 pel lloc, i tamb\u00e9 pretenen permetre diferents mesures d&#8217;assist\u00e8ncia.  <\/span><\/p><p class=\"font_8\"><span class=\"color_11\">Negar-se a instal\u00b7lar una cookie pot fer impossible l&#8217;acc\u00e9s a determinats serveis. No obstant aix\u00f2, l&#8217;usuari pot configurar el seu ordinador de la seg\u00fcent manera, per rebutjar la instal\u00b7laci\u00f3 de cookies: <\/span><\/p><p class=\"font_8\"><span class=\"color_11\">A Internet Explorer: pestanya d&#8217;eines (icona de la roda dentada a la part superior dreta) \/ opcions d&#8217;Internet. Feu clic a Privadesa i seleccioneu Bloqueja totes les galetes. Valida a D&#8217;acord.  <\/span><\/p><p class=\"font_8\"><span class=\"color_11\">A Firefox: a la part superior de la finestra del navegador, feu clic al bot\u00f3 Firefox i, a continuaci\u00f3, aneu a la pestanya Opcions. Feu clic a la pestanya Privadesa. Establiu les regles de retenci\u00f3 a: Utilitzeu la configuraci\u00f3 personalitzada per a l&#8217;historial. Finalment desmarqueu-lo per desactivar les galetes.   <\/span><\/p><p class=\"font_8\"><span class=\"color_11\">A Safari: feu clic a la icona del men\u00fa (simbolitzada per un engranatge) a la part superior dreta del navegador. Seleccioneu Configuraci\u00f3. Feu clic a Mostra la configuraci\u00f3 avan\u00e7ada. A la secci\u00f3 &#8220;Privadesa&#8221;, feu clic a Configuraci\u00f3 de contingut. A l&#8217;apartat &#8220;Cookies&#8221; podeu bloquejar les cookies.    <\/span><\/p><p class=\"font_8\"><span class=\"color_11\">A Chrome: feu clic a la icona de men\u00fa (simbolitzada per tres l\u00ednies horitzontals) a la part superior dreta del navegador. Seleccioneu Configuraci\u00f3. Feu clic a Mostra la configuraci\u00f3 avan\u00e7ada. A la secci\u00f3 &#8220;Privadesa&#8221;, feu clic a Prefer\u00e8ncies. A la pestanya &#8220;Privadesa&#8221;, podeu bloquejar les cookies.    <\/span><\/p><h3 class=\"font_3\"><span class=\"color_11\">9. Llei aplicable i atribuci\u00f3 de la jurisdicci\u00f3.<\/span><\/h3><p class=\"font_8\"><span class=\"color_11\">Qualsevol controv\u00e8rsia relacionada amb l&#8217;\u00fas del lloc <a href=\"http:\/\/jsemproduction.fr\/\" target=\"_blank\" rel=\"noopener\">www.jsemproduction.fr<\/a> est\u00e0 subjecta a la llei francesa. S&#8217;atorga la jurisdicci\u00f3 exclusiva als tribunals competents de Par\u00eds. <\/span><\/p><h3 class=\"font_3\"><span class=\"color_11\">10. Les principals lleis afectades.<\/span><\/h3><p class=\"font_8\"><span class=\"color_11\">Llei n\u00fam. 78-17, de 6 de gener de 1978, modificada notablement per la Llei n\u00fam. 2004-801, de 6 d&#8217;agost de 2004, relativa a la inform\u00e0tica, els fitxers i les llibertats.<\/span><\/p><p class=\"font_8\"><span class=\"color_11\">Llei n\u00fam. 2004-575, de 21 de juny de 2004, de confian\u00e7a en l&#8217;economia digital.<\/span><\/p><h3 class=\"font_3\"><span class=\"color_11\">11. Glossari.<\/span><\/h3><p class=\"font_8\"><span class=\"color_11\">Usuari: usuari d&#8217;Internet que es connecta i utilitza el lloc esmentat.<\/span><\/p><p class=\"font_8\"><span class=\"color_11\">Dades de car\u00e0cter personal: \u201cinformaci\u00f3 que permet, en qualsevol forma, directament o indirectament, la identificaci\u00f3 de les persones f\u00edsiques a les quals s&#8217;aplica\u201d (article 4 de la Llei n\u00b0 78-17 de 6 de gener de 1978).<\/span><\/p>\t\t\t\t\t\t\t\t<\/div>\n\t\t\t\t<\/div>\n\t\t\t\t\t<\/div>\n\t\t<\/div>\n\t\t\t\t\t<\/div>\n\t\t<\/section>\n\t\t\t\t<\/div>\n\t\t","protected":false},"excerpt":{"rendered":"<p>Avisos legals Informaci\u00f3 legal 1. Presentaci\u00f3 del lloc. D&#8217;acord amb l&#8217;article 6 de la Llei n\u00fam. 2004-575, de 21 de juny de 2004, de confian\u00e7a en l&#8217;economia digital, s&#8217;informa als usuaris del lloc www.jsemproduction.fr de la identitat de les diferents parts implicades en la seva creaci\u00f3 i seguiment: Propietari: Jsemproduction SLU \u2013 C\/ Callaueta, 8 [&hellip;]<\/p>\n","protected":false},"author":1,"featured_media":0,"parent":0,"menu_order":0,"comment_status":"closed","ping_status":"closed","template":"elementor_header_footer","meta":{"footnotes":""},"class_list":["post-9466","page","type-page","status-publish","hentry"],"jetpack_sharing_enabled":true,"_links":{"self":[{"href":"https:\/\/jsemproduction.fr\/ca\/wp-json\/wp\/v2\/pages\/9466","targetHints":{"allow":["GET"]}}],"collection":[{"href":"https:\/\/jsemproduction.fr\/ca\/wp-json\/wp\/v2\/pages"}],"about":[{"href":"https:\/\/jsemproduction.fr\/ca\/wp-json\/wp\/v2\/types\/page"}],"author":[{"embeddable":true,"href":"https:\/\/jsemproduction.fr\/ca\/wp-json\/wp\/v2\/users\/1"}],"replies":[{"embeddable":true,"href":"https:\/\/jsemproduction.fr\/ca\/wp-json\/wp\/v2\/comments?post=9466"}],"version-history":[{"count":0,"href":"https:\/\/jsemproduction.fr\/ca\/wp-json\/wp\/v2\/pages\/9466\/revisions"}],"wp:attachment":[{"href":"https:\/\/jsemproduction.fr\/ca\/wp-json\/wp\/v2\/media?parent=9466"}],"curies":[{"name":"wp","href":"https:\/\/api.w.org\/{rel}","templated":true}]}}