{"id":14243,"date":"2025-10-20T00:08:39","date_gmt":"2025-10-19T22:08:39","guid":{"rendered":"https:\/\/jsemproduction.fr\/simulador-de-preus-de-lloc-web\/"},"modified":"2025-12-24T13:41:00","modified_gmt":"2025-12-24T12:41:00","slug":"simulador-de-preus-de-lloc-web","status":"publish","type":"page","link":"https:\/\/jsemproduction.fr\/ca\/creacio-web\/simulador-de-preus-de-lloc-web\/","title":{"rendered":"Simulador de preus de lloc web"},"content":{"rendered":"\t\t<div data-elementor-type=\"wp-page\" data-elementor-id=\"14243\" class=\"elementor elementor-14243 elementor-14234\" data-elementor-post-type=\"page\">\n\t\t\t\t<div class=\"elementor-element elementor-element-0672ae9 e-flex e-con-boxed e-con e-parent\" data-id=\"0672ae9\" data-element_type=\"container\" data-e-type=\"container\" data-settings=\"{&quot;background_background&quot;:&quot;classic&quot;}\">\n\t\t\t\t\t<div class=\"e-con-inner\">\n\t\t\t\t<div class=\"elementor-element elementor-element-dd29a57 elementor-widget elementor-widget-heading\" data-id=\"dd29a57\" data-element_type=\"widget\" data-e-type=\"widget\" data-widget_type=\"heading.default\">\n\t\t\t\t<div class=\"elementor-widget-container\">\n\t\t\t\t\t<h2 class=\"elementor-heading-title elementor-size-default\">Calcular el preu de la creaci\u00f3 d'un lloc web <\/h2>\t\t\t\t<\/div>\n\t\t\t\t<\/div>\n\t\t<div class=\"elementor-element elementor-element-829bb7d e-con-full e-flex e-con e-child\" data-id=\"829bb7d\" data-element_type=\"container\" data-e-type=\"container\">\n\t\t\t\t<div class=\"elementor-element elementor-element-14c4345 elementor-button-align-center elementor-widget elementor-widget-form\" data-id=\"14c4345\" data-element_type=\"widget\" data-e-type=\"widget\" data-settings=\"{&quot;step_next_label&quot;:&quot;Seguint&quot;,&quot;step_previous_label&quot;:&quot;Anterior&quot;,&quot;button_width&quot;:&quot;100&quot;,&quot;step_type&quot;:&quot;number_text&quot;,&quot;step_icon_shape&quot;:&quot;circle&quot;}\" data-widget_type=\"form.default\">\n\t\t\t\t<div class=\"elementor-widget-container\">\n\t\t\t\t\t\t\t<form class=\"elementor-form\" method=\"post\" name=\"Nou formulari\" aria-label=\"Nou formulari\">\n\t\t\t<input type=\"hidden\" name=\"post_id\" value=\"14243\"\/>\n\t\t\t<input type=\"hidden\" name=\"form_id\" value=\"14c4345\"\/>\n\t\t\t<input type=\"hidden\" name=\"referer_title\" value=\"Simulador de preu de lloc web \u2013 Estimaci\u00f3 r\u00e0pida &amp; personalitzada\" \/>\n\n\t\t\t\t\t\t\t<input type=\"hidden\" name=\"queried_id\" value=\"14243\"\/>\n\t\t\t\n\t\t\t<div class=\"elementor-form-fields-wrapper elementor-labels-above\">\n\t\t\t\t\t\t\t\t<div class=\"elementor-field-type-step elementor-field-group elementor-column elementor-field-group-field_02eab05 elementor-col-100\">\n\t\t\t\t\t\t\t<div class=\"e-field-step elementor-hidden\" data-label=\"Tipus de lloc\" data-previousButton=\"\" data-nextButton=\"\" data-iconUrl=\"\" data-iconLibrary=\"fas fa-star\" data-icon=\"&lt;svg class=&quot;e-font-icon-svg e-fas-star&quot; viewBox=&quot;0 0 576 512&quot; xmlns=&quot;http:\/\/www.w3.org\/2000\/svg&quot;&gt;&lt;path d=&quot;M259.3 17.8L194 150.2 47.9 171.5c-26.2 3.8-36.7 36.1-17.7 54.6l105.7 103-25 145.5c-4.5 26.3 23.2 46 46.4 33.7L288 439.6l130.7 68.7c23.2 12.2 50.9-7.4 46.4-33.7l-25-145.5 105.7-103c19-18.5 8.5-50.8-17.7-54.6L382 150.2 316.7 17.8c-11.7-23.6-45.6-23.9-57.4 0z&quot;&gt;&lt;\/path&gt;&lt;\/svg&gt;\" ><\/div>\n\n\t\t\t\t\t\t<\/div>\n\t\t\t\t\t\t\t\t<div class=\"elementor-field-type-radio elementor-field-group elementor-column elementor-field-group-field_3613ce7 elementor-col-100 elementor-field-required elementor-mark-required\">\n\t\t\t\t\t\t\t\t\t\t\t\t<label for=\"form-field-field_3613ce7\" class=\"elementor-field-label\">\n\t\t\t\t\t\t\t\t1 - Tipus de lloc web\t\t\t\t\t\t\t<\/label>\n\t\t\t\t\t\t<div class=\"elementor-field-subgroup  \"><span class=\"elementor-field-option\"><input type=\"radio\" value=\"Lloc web de presentaci\u00f3: Serveis ...(Aparador)\" id=\"form-field-field_3613ce7-0\" name=\"form_fields[field_3613ce7]\" required=\"required\"> <label for=\"form-field-field_3613ce7-0\">Lloc web de presentaci\u00f3: Serveis ...(Aparador)<\/label><\/span><span class=\"elementor-field-option\"><input type=\"radio\" value=\"Lloc web de comer\u00e7 electr\u00f2nic per vendre productes\" id=\"form-field-field_3613ce7-1\" name=\"form_fields[field_3613ce7]\" required=\"required\"> <label for=\"form-field-field_3613ce7-1\">Lloc web de comer\u00e7 electr\u00f2nic per vendre productes<\/label><\/span><\/div>\t\t\t\t<\/div>\n\t\t\t\t\t\t\t\t<div class=\"elementor-field-type-step elementor-field-group elementor-column elementor-field-group-field_1796a8a elementor-col-100\">\n\t\t\t\t\t\t\t<div class=\"e-field-step elementor-hidden\" data-label=\"Volum\" data-previousButton=\"\" data-nextButton=\"\" data-iconUrl=\"\" data-iconLibrary=\"fas fa-star\" data-icon=\"&lt;svg class=&quot;e-font-icon-svg e-fas-star&quot; viewBox=&quot;0 0 576 512&quot; xmlns=&quot;http:\/\/www.w3.org\/2000\/svg&quot;&gt;&lt;path d=&quot;M259.3 17.8L194 150.2 47.9 171.5c-26.2 3.8-36.7 36.1-17.7 54.6l105.7 103-25 145.5c-4.5 26.3 23.2 46 46.4 33.7L288 439.6l130.7 68.7c23.2 12.2 50.9-7.4 46.4-33.7l-25-145.5 105.7-103c19-18.5 8.5-50.8-17.7-54.6L382 150.2 316.7 17.8c-11.7-23.6-45.6-23.9-57.4 0z&quot;&gt;&lt;\/path&gt;&lt;\/svg&gt;\" ><\/div>\n\n\t\t\t\t\t\t<\/div>\n\t\t\t\t\t\t\t\t<div class=\"elementor-field-type-radio elementor-field-group elementor-column elementor-field-group-field_5434fc0 elementor-col-100 elementor-field-required elementor-mark-required\">\n\t\t\t\t\t\t\t\t\t\t\t\t<label for=\"form-field-field_5434fc0\" class=\"elementor-field-label\">\n\t\t\t\t\t\t\t\t2 - Nombre de p\u00e0gines\t\t\t\t\t\t\t<\/label>\n\t\t\t\t\t\t<div class=\"elementor-field-subgroup  \"><span class=\"elementor-field-option\"><input type=\"radio\" value=\"De 5 a 10 p\u00e0gines\" id=\"form-field-field_5434fc0-0\" name=\"form_fields[field_5434fc0]\" required=\"required\"> <label for=\"form-field-field_5434fc0-0\">De 5 a 10 p\u00e0gines<\/label><\/span><span class=\"elementor-field-option\"><input type=\"radio\" value=\"De 10 a 15 p\u00e0gines \" id=\"form-field-field_5434fc0-1\" name=\"form_fields[field_5434fc0]\" required=\"required\"> <label for=\"form-field-field_5434fc0-1\">De 10 a 15 p\u00e0gines <\/label><\/span><span class=\"elementor-field-option\"><input type=\"radio\" value=\"M\u00e9s de 15 p\u00e0gines\" id=\"form-field-field_5434fc0-2\" name=\"form_fields[field_5434fc0]\" required=\"required\"> <label for=\"form-field-field_5434fc0-2\">M\u00e9s de 15 p\u00e0gines<\/label><\/span><\/div>\t\t\t\t<\/div>\n\t\t\t\t\t\t\t\t<div class=\"elementor-field-type-radio elementor-field-group elementor-column elementor-field-group-field_887b7d4 elementor-col-100\">\n\t\t\t\t\t\t\t\t\t\t\t\t<label for=\"form-field-field_887b7d4\" class=\"elementor-field-label\">\n\t\t\t\t\t\t\t\t3 - Nombre de productes (nom\u00e9s lloc web de comer\u00e7 electr\u00f2nic)\t\t\t\t\t\t\t<\/label>\n\t\t\t\t\t\t<div class=\"elementor-field-subgroup  \"><span class=\"elementor-field-option\"><input type=\"radio\" value=\"De 5 a 10 productes\" id=\"form-field-field_887b7d4-0\" name=\"form_fields[field_887b7d4]\"> <label for=\"form-field-field_887b7d4-0\">De 5 a 10 productes<\/label><\/span><span class=\"elementor-field-option\"><input type=\"radio\" value=\"De 10 a 15 productes\" id=\"form-field-field_887b7d4-1\" name=\"form_fields[field_887b7d4]\"> <label for=\"form-field-field_887b7d4-1\">De 10 a 15 productes<\/label><\/span><span class=\"elementor-field-option\"><input type=\"radio\" value=\"M\u00e9s de 15 productes\" id=\"form-field-field_887b7d4-2\" name=\"form_fields[field_887b7d4]\"> <label for=\"form-field-field_887b7d4-2\">M\u00e9s de 15 productes<\/label><\/span><\/div>\t\t\t\t<\/div>\n\t\t\t\t\t\t\t\t<div class=\"elementor-field-type-step elementor-field-group elementor-column elementor-field-group-field_7ff6b67 elementor-col-100\">\n\t\t\t\t\t\t\t<div class=\"e-field-step elementor-hidden\" data-label=\"Funcionalitat b\u00e0sica\" data-previousButton=\"\" data-nextButton=\"\" data-iconUrl=\"\" data-iconLibrary=\"fas fa-star\" data-icon=\"&lt;svg class=&quot;e-font-icon-svg e-fas-star&quot; viewBox=&quot;0 0 576 512&quot; xmlns=&quot;http:\/\/www.w3.org\/2000\/svg&quot;&gt;&lt;path d=&quot;M259.3 17.8L194 150.2 47.9 171.5c-26.2 3.8-36.7 36.1-17.7 54.6l105.7 103-25 145.5c-4.5 26.3 23.2 46 46.4 33.7L288 439.6l130.7 68.7c23.2 12.2 50.9-7.4 46.4-33.7l-25-145.5 105.7-103c19-18.5 8.5-50.8-17.7-54.6L382 150.2 316.7 17.8c-11.7-23.6-45.6-23.9-57.4 0z&quot;&gt;&lt;\/path&gt;&lt;\/svg&gt;\" ><\/div>\n\n\t\t\t\t\t\t<\/div>\n\t\t\t\t\t\t\t\t<div class=\"elementor-field-type-checkbox elementor-field-group elementor-column elementor-field-group-field_c360886 elementor-col-100\">\n\t\t\t\t\t\t\t\t\t\t\t\t<label for=\"form-field-field_c360886\" class=\"elementor-field-label\">\n\t\t\t\t\t\t\t\t4 - Funcionalitat\t\t\t\t\t\t\t<\/label>\n\t\t\t\t\t\t<div class=\"elementor-field-subgroup  \"><span class=\"elementor-field-option\"><input type=\"checkbox\" value=\"Formulari de contacte\" id=\"form-field-field_c360886-0\" name=\"form_fields[field_c360886][]\"> <label for=\"form-field-field_c360886-0\">Formulari de contacte<\/label><\/span><span class=\"elementor-field-option\"><input type=\"checkbox\" value=\"Blog \/ Not\u00edcies\" id=\"form-field-field_c360886-1\" name=\"form_fields[field_c360886][]\"> <label for=\"form-field-field_c360886-1\">Blog \/ Not\u00edcies<\/label><\/span><span class=\"elementor-field-option\"><input type=\"checkbox\" value=\"Portfoli \/ Galeria\" id=\"form-field-field_c360886-2\" name=\"form_fields[field_c360886][]\"> <label for=\"form-field-field_c360886-2\">Portfoli \/ Galeria<\/label><\/span><span class=\"elementor-field-option\"><input type=\"checkbox\" value=\"Preguntes freq\u00fcents\" id=\"form-field-field_c360886-3\" name=\"form_fields[field_c360886][]\"> <label for=\"form-field-field_c360886-3\">Preguntes freq\u00fcents<\/label><\/span><span class=\"elementor-field-option\"><input type=\"checkbox\" value=\"Multiling\u00fce\" id=\"form-field-field_c360886-4\" name=\"form_fields[field_c360886][]\"> <label for=\"form-field-field_c360886-4\">Multiling\u00fce<\/label><\/span><span class=\"elementor-field-option\"><input type=\"checkbox\" value=\"Integraci\u00f3 de Rese\u00f1es de Google\" id=\"form-field-field_c360886-5\" name=\"form_fields[field_c360886][]\"> <label for=\"form-field-field_c360886-5\">Integraci\u00f3 de Rese\u00f1es de Google<\/label><\/span><span class=\"elementor-field-option\"><input type=\"checkbox\" value=\"Reserva de cites \" id=\"form-field-field_c360886-6\" name=\"form_fields[field_c360886][]\"> <label for=\"form-field-field_c360886-6\">Reserva de cites <\/label><\/span><\/div>\t\t\t\t<\/div>\n\t\t\t\t\t\t\t\t<div class=\"elementor-field-type-step elementor-field-group elementor-column elementor-field-group-field_c809ff0 elementor-col-100\">\n\t\t\t\t\t\t\t<div class=\"e-field-step elementor-hidden\" data-label=\"Refer\u00e8ncia SEO\" data-previousButton=\"\" data-nextButton=\"\" data-iconUrl=\"\" data-iconLibrary=\"fas fa-star\" data-icon=\"&lt;svg class=&quot;e-font-icon-svg e-fas-star&quot; viewBox=&quot;0 0 576 512&quot; xmlns=&quot;http:\/\/www.w3.org\/2000\/svg&quot;&gt;&lt;path d=&quot;M259.3 17.8L194 150.2 47.9 171.5c-26.2 3.8-36.7 36.1-17.7 54.6l105.7 103-25 145.5c-4.5 26.3 23.2 46 46.4 33.7L288 439.6l130.7 68.7c23.2 12.2 50.9-7.4 46.4-33.7l-25-145.5 105.7-103c19-18.5 8.5-50.8-17.7-54.6L382 150.2 316.7 17.8c-11.7-23.6-45.6-23.9-57.4 0z&quot;&gt;&lt;\/path&gt;&lt;\/svg&gt;\" ><\/div>\n\n\t\t\t\t\t\t<\/div>\n\t\t\t\t\t\t\t\t<div class=\"elementor-field-type-radio elementor-field-group elementor-column elementor-field-group-field_34b0a07 elementor-col-100 elementor-field-required elementor-mark-required\">\n\t\t\t\t\t\t\t\t\t\t\t\t<label for=\"form-field-field_34b0a07\" class=\"elementor-field-label\">\n\t\t\t\t\t\t\t\t5 - Optimitzaci\u00f3 SEO (el SEO b\u00e0sic s'ofereix de franc amb la creaci\u00f3 d'un lloc web) \t\t\t\t\t\t\t<\/label>\n\t\t\t\t\t\t<div class=\"elementor-field-subgroup  \"><span class=\"elementor-field-option\"><input type=\"radio\" value=\"S\u00ed, vull un lloc web amb el SEO avan\u00e7at\" id=\"form-field-field_34b0a07-0\" name=\"form_fields[field_34b0a07]\" required=\"required\"> <label for=\"form-field-field_34b0a07-0\">S\u00ed, vull un lloc web amb el SEO avan\u00e7at<\/label><\/span><span class=\"elementor-field-option\"><input type=\"radio\" value=\"No, nom\u00e9s vull el SEO b\u00e0sic (gratu\u00eft)\" id=\"form-field-field_34b0a07-1\" name=\"form_fields[field_34b0a07]\" required=\"required\"> <label for=\"form-field-field_34b0a07-1\">No, nom\u00e9s vull el SEO b\u00e0sic (gratu\u00eft)<\/label><\/span><\/div>\t\t\t\t<\/div>\n\t\t\t\t\t\t\t\t<div class=\"elementor-field-type-step elementor-field-group elementor-column elementor-field-group-field_eb9a022 elementor-col-100\">\n\t\t\t\t\t\t\t<div class=\"e-field-step elementor-hidden\" data-label=\"Allotjament &amp; Manteniment\" data-previousButton=\"\" data-nextButton=\"\" data-iconUrl=\"\" data-iconLibrary=\"fas fa-star\" data-icon=\"&lt;svg class=&quot;e-font-icon-svg e-fas-star&quot; viewBox=&quot;0 0 576 512&quot; xmlns=&quot;http:\/\/www.w3.org\/2000\/svg&quot;&gt;&lt;path d=&quot;M259.3 17.8L194 150.2 47.9 171.5c-26.2 3.8-36.7 36.1-17.7 54.6l105.7 103-25 145.5c-4.5 26.3 23.2 46 46.4 33.7L288 439.6l130.7 68.7c23.2 12.2 50.9-7.4 46.4-33.7l-25-145.5 105.7-103c19-18.5 8.5-50.8-17.7-54.6L382 150.2 316.7 17.8c-11.7-23.6-45.6-23.9-57.4 0z&quot;&gt;&lt;\/path&gt;&lt;\/svg&gt;\" ><\/div>\n\n\t\t\t\t\t\t<\/div>\n\t\t\t\t\t\t\t\t<div class=\"elementor-field-type-radio elementor-field-group elementor-column elementor-field-group-field_040a03b elementor-col-100 elementor-field-required elementor-mark-required\">\n\t\t\t\t\t\t\t\t\t\t\t\t<label for=\"form-field-field_040a03b\" class=\"elementor-field-label\">\n\t\t\t\t\t\t\t\t6 - Allotjament + Manteniment + Llic\u00e8ncies de connectors + Nom de domini + Seguretat + Actualitzaci\u00f3 del lloc web\t\t\t\t\t\t\t<\/label>\n\t\t\t\t\t\t<div class=\"elementor-field-subgroup  \"><span class=\"elementor-field-option\"><input type=\"radio\" value=\"S\u00ed, vull el pla mensual\" id=\"form-field-field_040a03b-0\" name=\"form_fields[field_040a03b]\" required=\"required\"> <label for=\"form-field-field_040a03b-0\">S\u00ed, vull el pla mensual<\/label><\/span><span class=\"elementor-field-option\"><input type=\"radio\" value=\"No, me&#039;n vull encarregar jo\" id=\"form-field-field_040a03b-1\" name=\"form_fields[field_040a03b]\" required=\"required\"> <label for=\"form-field-field_040a03b-1\">No, me'n vull encarregar jo<\/label><\/span><\/div>\t\t\t\t<\/div>\n\t\t\t\t\t\t\t\t<div class=\"elementor-field-type-step elementor-field-group elementor-column elementor-field-group-field_7c898f2 elementor-col-100\">\n\t\t\t\t\t\t\t<div class=\"e-field-step elementor-hidden\" data-label=\"Imatge\" data-previousButton=\"\" data-nextButton=\"\" data-iconUrl=\"\" data-iconLibrary=\"fas fa-star\" data-icon=\"&lt;svg class=&quot;e-font-icon-svg e-fas-star&quot; viewBox=&quot;0 0 576 512&quot; xmlns=&quot;http:\/\/www.w3.org\/2000\/svg&quot;&gt;&lt;path d=&quot;M259.3 17.8L194 150.2 47.9 171.5c-26.2 3.8-36.7 36.1-17.7 54.6l105.7 103-25 145.5c-4.5 26.3 23.2 46 46.4 33.7L288 439.6l130.7 68.7c23.2 12.2 50.9-7.4 46.4-33.7l-25-145.5 105.7-103c19-18.5 8.5-50.8-17.7-54.6L382 150.2 316.7 17.8c-11.7-23.6-45.6-23.9-57.4 0z&quot;&gt;&lt;\/path&gt;&lt;\/svg&gt;\" ><\/div>\n\n\t\t\t\t\t\t<\/div>\n\t\t\t\t\t\t\t\t<div class=\"elementor-field-type-radio elementor-field-group elementor-column elementor-field-group-field_a33505b elementor-col-100 elementor-field-required elementor-mark-required\">\n\t\t\t\t\t\t\t\t\t\t\t\t<label for=\"form-field-field_a33505b\" class=\"elementor-field-label\">\n\t\t\t\t\t\t\t\t7 - Proporcioneu les imatges per al contingut del lloc web? \t\t\t\t\t\t\t<\/label>\n\t\t\t\t\t\t<div class=\"elementor-field-subgroup  \"><span class=\"elementor-field-option\"><input type=\"radio\" value=\"S\u00ed, ja tinc les fotos \/ imatges\" id=\"form-field-field_a33505b-0\" name=\"form_fields[field_a33505b]\" required=\"required\"> <label for=\"form-field-field_a33505b-0\">S\u00ed, ja tinc les fotos \/ imatges<\/label><\/span><span class=\"elementor-field-option\"><input type=\"radio\" value=\"No, vull imatges \/ fotos amb llic\u00e8ncia\" id=\"form-field-field_a33505b-1\" name=\"form_fields[field_a33505b]\" required=\"required\"> <label for=\"form-field-field_a33505b-1\">No, vull imatges \/ fotos amb llic\u00e8ncia<\/label><\/span><span class=\"elementor-field-option\"><input type=\"radio\" value=\"No, vull una sessi\u00f3 de fotos\/v\u00eddeos\" id=\"form-field-field_a33505b-2\" name=\"form_fields[field_a33505b]\" required=\"required\"> <label for=\"form-field-field_a33505b-2\">No, vull una sessi\u00f3 de fotos\/v\u00eddeos<\/label><\/span><\/div>\t\t\t\t<\/div>\n\t\t\t\t\t\t\t\t<div class=\"elementor-field-type-step elementor-field-group elementor-column elementor-field-group-field_cc63902 elementor-col-100\">\n\t\t\t\t\t\t\t<div class=\"e-field-step elementor-hidden\" data-label=\"Text\" data-previousButton=\"\" data-nextButton=\"\" data-iconUrl=\"\" data-iconLibrary=\"fas fa-star\" data-icon=\"&lt;svg class=&quot;e-font-icon-svg e-fas-star&quot; viewBox=&quot;0 0 576 512&quot; xmlns=&quot;http:\/\/www.w3.org\/2000\/svg&quot;&gt;&lt;path d=&quot;M259.3 17.8L194 150.2 47.9 171.5c-26.2 3.8-36.7 36.1-17.7 54.6l105.7 103-25 145.5c-4.5 26.3 23.2 46 46.4 33.7L288 439.6l130.7 68.7c23.2 12.2 50.9-7.4 46.4-33.7l-25-145.5 105.7-103c19-18.5 8.5-50.8-17.7-54.6L382 150.2 316.7 17.8c-11.7-23.6-45.6-23.9-57.4 0z&quot;&gt;&lt;\/path&gt;&lt;\/svg&gt;\" ><\/div>\n\n\t\t\t\t\t\t<\/div>\n\t\t\t\t\t\t\t\t<div class=\"elementor-field-type-radio elementor-field-group elementor-column elementor-field-group-field_66f1121 elementor-col-100 elementor-field-required elementor-mark-required\">\n\t\t\t\t\t\t\t\t\t\t\t\t<label for=\"form-field-field_66f1121\" class=\"elementor-field-label\">\n\t\t\t\t\t\t\t\t8 - Proporcioneu els textos per al contingut del lloc web? \t\t\t\t\t\t\t<\/label>\n\t\t\t\t\t\t<div class=\"elementor-field-subgroup  \"><span class=\"elementor-field-option\"><input type=\"radio\" value=\"S\u00ed, ja tinc els textos i el contingut\" id=\"form-field-field_66f1121-0\" name=\"form_fields[field_66f1121]\" required=\"required\"> <label for=\"form-field-field_66f1121-0\">S\u00ed, ja tinc els textos i el contingut<\/label><\/span><span class=\"elementor-field-option\"><input type=\"radio\" value=\"No, necessito que em cre\u00efn el contingut de text optimitzat per a SEO\" id=\"form-field-field_66f1121-1\" name=\"form_fields[field_66f1121]\" required=\"required\"> <label for=\"form-field-field_66f1121-1\">No, necessito que em cre\u00efn el contingut de text optimitzat per a SEO<\/label><\/span><\/div>\t\t\t\t<\/div>\n\t\t\t\t\t\t\t\t<div class=\"elementor-field-type-step elementor-field-group elementor-column elementor-field-group-field_450d683 elementor-col-100\">\n\t\t\t\t\t\t\t<div class=\"e-field-step elementor-hidden\" data-label=\"Dades de contacte\" data-previousButton=\"\" data-nextButton=\"\" data-iconUrl=\"\" data-iconLibrary=\"fas fa-star\" data-icon=\"&lt;svg class=&quot;e-font-icon-svg e-fas-star&quot; viewBox=&quot;0 0 576 512&quot; xmlns=&quot;http:\/\/www.w3.org\/2000\/svg&quot;&gt;&lt;path d=&quot;M259.3 17.8L194 150.2 47.9 171.5c-26.2 3.8-36.7 36.1-17.7 54.6l105.7 103-25 145.5c-4.5 26.3 23.2 46 46.4 33.7L288 439.6l130.7 68.7c23.2 12.2 50.9-7.4 46.4-33.7l-25-145.5 105.7-103c19-18.5 8.5-50.8-17.7-54.6L382 150.2 316.7 17.8c-11.7-23.6-45.6-23.9-57.4 0z&quot;&gt;&lt;\/path&gt;&lt;\/svg&gt;\" ><\/div>\n\n\t\t\t\t\t\t<\/div>\n\t\t\t\t\t\t\t\t<div class=\"elementor-field-type-text elementor-field-group elementor-column elementor-field-group-field_9b9358b elementor-col-50 elementor-field-required elementor-mark-required\">\n\t\t\t\t\t\t\t\t\t\t\t\t<label for=\"form-field-field_9b9358b\" class=\"elementor-field-label\">\n\t\t\t\t\t\t\t\tNom\t\t\t\t\t\t\t<\/label>\n\t\t\t\t\t\t\t\t\t\t\t\t\t\t<input size=\"1\" type=\"text\" name=\"form_fields[field_9b9358b]\" id=\"form-field-field_9b9358b\" class=\"elementor-field elementor-size-md  elementor-field-textual\" placeholder=\"Nom\" required=\"required\">\n\t\t\t\t\t\t\t\t\t\t\t<\/div>\n\t\t\t\t\t\t\t\t<div class=\"elementor-field-type-text elementor-field-group elementor-column elementor-field-group-field_e9fde48 elementor-col-50 elementor-field-required elementor-mark-required\">\n\t\t\t\t\t\t\t\t\t\t\t\t<label for=\"form-field-field_e9fde48\" class=\"elementor-field-label\">\n\t\t\t\t\t\t\t\tNom\t\t\t\t\t\t\t<\/label>\n\t\t\t\t\t\t\t\t\t\t\t\t\t\t<input size=\"1\" type=\"text\" name=\"form_fields[field_e9fde48]\" id=\"form-field-field_e9fde48\" class=\"elementor-field elementor-size-md  elementor-field-textual\" placeholder=\"Nom\" required=\"required\">\n\t\t\t\t\t\t\t\t\t\t\t<\/div>\n\t\t\t\t\t\t\t\t<div class=\"elementor-field-type-email elementor-field-group elementor-column elementor-field-group-email elementor-col-60 elementor-field-required elementor-mark-required\">\n\t\t\t\t\t\t\t\t\t\t\t\t<label for=\"form-field-email\" class=\"elementor-field-label\">\n\t\t\t\t\t\t\t\tCorreu electr\u00f2nic\t\t\t\t\t\t\t<\/label>\n\t\t\t\t\t\t\t\t\t\t\t\t\t\t<input size=\"1\" type=\"email\" name=\"form_fields[email]\" id=\"form-field-email\" class=\"elementor-field elementor-size-md  elementor-field-textual\" placeholder=\"Correu electr\u00f2nic\" required=\"required\">\n\t\t\t\t\t\t\t\t\t\t\t<\/div>\n\t\t\t\t\t\t\t\t<div class=\"elementor-field-type-tel elementor-field-group elementor-column elementor-field-group-field_96a7833 elementor-col-40 elementor-field-required elementor-mark-required\">\n\t\t\t\t\t\t\t\t\t\t\t\t<label for=\"form-field-field_96a7833\" class=\"elementor-field-label\">\n\t\t\t\t\t\t\t\tTel\u00e8fon\t\t\t\t\t\t\t<\/label>\n\t\t\t\t\t\t\t\t<input size=\"1\" type=\"tel\" name=\"form_fields[field_96a7833]\" id=\"form-field-field_96a7833\" class=\"elementor-field elementor-size-md  elementor-field-textual\" placeholder=\"Tel\u00e8fon\" required=\"required\" pattern=\"[0-9()#&amp;+*-=.]+\" title=\"Only numbers and phone characters (#, -, *, etc) are accepted.\">\n\n\t\t\t\t\t\t<\/div>\n\t\t\t\t\t\t\t\t<div class=\"elementor-field-type-text elementor-field-group elementor-column elementor-field-group-field_37bd949 elementor-col-40\">\n\t\t\t\t\t\t\t\t\t\t\t\t<label for=\"form-field-field_37bd949\" class=\"elementor-field-label\">\n\t\t\t\t\t\t\t\tLloc web (Opcional - nom\u00e9s redisseny de lloc web)\t\t\t\t\t\t\t<\/label>\n\t\t\t\t\t\t\t\t\t\t\t\t\t\t<input size=\"1\" type=\"text\" name=\"form_fields[field_37bd949]\" id=\"form-field-field_37bd949\" class=\"elementor-field elementor-size-md  elementor-field-textual\" placeholder=\"Lloc web\">\n\t\t\t\t\t\t\t\t\t\t\t<\/div>\n\t\t\t\t\t\t\t\t<div class=\"elementor-field-type-text elementor-field-group elementor-column elementor-field-group-field_dadf4af elementor-col-60\">\n\t\t\t\t\t\t\t\t\t\t\t\t<label for=\"form-field-field_dadf4af\" class=\"elementor-field-label\">\n\t\t\t\t\t\t\t\tEmpresa (Opcional)\t\t\t\t\t\t\t<\/label>\n\t\t\t\t\t\t\t\t\t\t\t\t\t\t<input size=\"1\" type=\"text\" name=\"form_fields[field_dadf4af]\" id=\"form-field-field_dadf4af\" class=\"elementor-field elementor-size-md  elementor-field-textual\" placeholder=\"Empresa\">\n\t\t\t\t\t\t\t\t\t\t\t<\/div>\n\t\t\t\t\t\t\t\t<div class=\"elementor-field-group elementor-column elementor-field-type-submit elementor-col-100 e-form__buttons\">\n\t\t\t\t\t<button class=\"elementor-button elementor-size-sm\" type=\"submit\">\n\t\t\t\t\t\t<span class=\"elementor-button-content-wrapper\">\n\t\t\t\t\t\t\t\t\t\t\t\t\t\t\t\t\t\t\t\t\t\t<span class=\"elementor-button-text\">Enviar<\/span>\n\t\t\t\t\t\t\t\t\t\t\t\t\t<\/span>\n\t\t\t\t\t<\/button>\n\t\t\t\t<\/div>\n\t\t\t<\/div>\n\t\t<\/form>\n\t\t\t\t\t\t<\/div>\n\t\t\t\t<\/div>\n\t\t\t\t<\/div>\n\t\t\t\t\t<\/div>\n\t\t\t\t<\/div>\n\t\t\t\t<\/div>\n\t\t","protected":false},"excerpt":{"rendered":"<p>Calcular el preu de la creaci\u00f3 d&#8217;un lloc web<\/p>\n","protected":false},"author":1,"featured_media":0,"parent":12745,"menu_order":0,"comment_status":"closed","ping_status":"closed","template":"elementor_header_footer","meta":{"footnotes":""},"class_list":["post-14243","page","type-page","status-publish","hentry"],"jetpack_sharing_enabled":true,"_links":{"self":[{"href":"https:\/\/jsemproduction.fr\/ca\/wp-json\/wp\/v2\/pages\/14243","targetHints":{"allow":["GET"]}}],"collection":[{"href":"https:\/\/jsemproduction.fr\/ca\/wp-json\/wp\/v2\/pages"}],"about":[{"href":"https:\/\/jsemproduction.fr\/ca\/wp-json\/wp\/v2\/types\/page"}],"author":[{"embeddable":true,"href":"https:\/\/jsemproduction.fr\/ca\/wp-json\/wp\/v2\/users\/1"}],"replies":[{"embeddable":true,"href":"https:\/\/jsemproduction.fr\/ca\/wp-json\/wp\/v2\/comments?post=14243"}],"version-history":[{"count":0,"href":"https:\/\/jsemproduction.fr\/ca\/wp-json\/wp\/v2\/pages\/14243\/revisions"}],"up":[{"embeddable":true,"href":"https:\/\/jsemproduction.fr\/ca\/wp-json\/wp\/v2\/pages\/12745"}],"wp:attachment":[{"href":"https:\/\/jsemproduction.fr\/ca\/wp-json\/wp\/v2\/media?parent=14243"}],"curies":[{"name":"wp","href":"https:\/\/api.w.org\/{rel}","templated":true}]}}